{"id":8663,"date":"2018-12-06T20:47:45","date_gmt":"2018-12-06T19:47:45","guid":{"rendered":"https:\/\/woo2.happymonkspublication.org\/?post_type=product&#038;p=8663"},"modified":"2019-02-19T14:24:18","modified_gmt":"2019-02-19T13:24:18","slug":"quinto-capitulo-la-introspeccion","status":"publish","type":"product","link":"https:\/\/woo2.happymonkspublication.org\/es\/publications\/quinto-capitulo-la-introspeccion\/","title":{"rendered":"Quinto cap\u00edtulo: La Introspecci\u00f3n"},"content":{"rendered":"<div id=\"fb-root\"><\/div>\n","protected":false},"excerpt":{"rendered":"<p>En este cap\u00edtulo se explica, c\u00f3mo la protecci\u00f3n de la mente con atenci\u00f3n e introspecci\u00f3n es la clave para guardar los entrenamientos.<br \/>\nEn este contexto, se explica la pr\u00e1ctica de la \u00e9tica, que ha ido m\u00e1s all\u00e1 en tres aspectos \u2013la \u00e9tica de abstinencia, le \u00e9tica de acumular m\u00e9rito y la \u00e9tica que logra el bien de los seres vivos.<\/p>\n","protected":false},"featured_media":8691,"template":"","meta":[],"product_brand":[],"product_cat":[427],"product_tag":[],"class_list":{"0":"post-8663","1":"product","2":"type-product","3":"status-publish","4":"has-post-thumbnail","6":"product_cat-lamrim-y-el-entrenamiento-mental","7":"pa_book-author-gyaltsab-rinpoche-es","8":"pa_book-category-lamrim-y-el-entrenamiento-mental","10":"first","11":"instock","12":"featured","13":"downloadable","14":"virtual","15":"product-type-simple"},"_links":{"self":[{"href":"https:\/\/woo2.happymonkspublication.org\/es\/wp-json\/wp\/v2\/product\/8663","targetHints":{"allow":["GET"]}}],"collection":[{"href":"https:\/\/woo2.happymonkspublication.org\/es\/wp-json\/wp\/v2\/product"}],"about":[{"href":"https:\/\/woo2.happymonkspublication.org\/es\/wp-json\/wp\/v2\/types\/product"}],"wp:featuredmedia":[{"embeddable":true,"href":"https:\/\/woo2.happymonkspublication.org\/es\/wp-json\/wp\/v2\/media\/8691"}],"wp:attachment":[{"href":"https:\/\/woo2.happymonkspublication.org\/es\/wp-json\/wp\/v2\/media?parent=8663"}],"wp:term":[{"taxonomy":"product_brand","embeddable":true,"href":"https:\/\/woo2.happymonkspublication.org\/es\/wp-json\/wp\/v2\/product_brand?post=8663"},{"taxonomy":"product_cat","embeddable":true,"href":"https:\/\/woo2.happymonkspublication.org\/es\/wp-json\/wp\/v2\/product_cat?post=8663"},{"taxonomy":"product_tag","embeddable":true,"href":"https:\/\/woo2.happymonkspublication.org\/es\/wp-json\/wp\/v2\/product_tag?post=8663"}],"curies":[{"name":"wp","href":"https:\/\/api.w.org\/{rel}","templated":true}]}}