{"id":8611,"date":"2018-12-06T20:23:21","date_gmt":"2018-12-06T19:23:21","guid":{"rendered":"https:\/\/woo2.happymonkspublication.org\/?post_type=product&#038;p=8611"},"modified":"2019-02-19T14:25:16","modified_gmt":"2019-02-19T13:25:16","slug":"tercer-capitulo-establecer-la-mente-de-la-iluminacion","status":"publish","type":"product","link":"https:\/\/woo2.happymonkspublication.org\/es\/publications\/tercer-capitulo-establecer-la-mente-de-la-iluminacion\/","title":{"rendered":"Tercer cap\u00edtulo: Establecer la Mente de la Iluminaci\u00f3n"},"content":{"rendered":"<div id=\"fb-root\"><\/div>\n","protected":false},"excerpt":{"rendered":"<p>Una explicaci\u00f3n de las pr\u00e1cticas del regocijo, la s\u00faplica a los Budas para que permanezcan, la s\u00faplica a los Budas para que sigan girando la rueda del Darma, la dedicaci\u00f3n y la toma de los votos de un Bodhisattva.<\/p>\n","protected":false},"featured_media":8617,"template":"","meta":[],"product_brand":[],"product_cat":[427],"product_tag":[],"class_list":{"0":"post-8611","1":"product","2":"type-product","3":"status-publish","4":"has-post-thumbnail","6":"product_cat-lamrim-y-el-entrenamiento-mental","7":"pa_book-author-gyaltsab-rinpoche-es","8":"pa_book-category-lamrim-y-el-entrenamiento-mental","10":"first","11":"instock","12":"featured","13":"downloadable","14":"virtual","15":"product-type-simple"},"_links":{"self":[{"href":"https:\/\/woo2.happymonkspublication.org\/es\/wp-json\/wp\/v2\/product\/8611","targetHints":{"allow":["GET"]}}],"collection":[{"href":"https:\/\/woo2.happymonkspublication.org\/es\/wp-json\/wp\/v2\/product"}],"about":[{"href":"https:\/\/woo2.happymonkspublication.org\/es\/wp-json\/wp\/v2\/types\/product"}],"wp:featuredmedia":[{"embeddable":true,"href":"https:\/\/woo2.happymonkspublication.org\/es\/wp-json\/wp\/v2\/media\/8617"}],"wp:attachment":[{"href":"https:\/\/woo2.happymonkspublication.org\/es\/wp-json\/wp\/v2\/media?parent=8611"}],"wp:term":[{"taxonomy":"product_brand","embeddable":true,"href":"https:\/\/woo2.happymonkspublication.org\/es\/wp-json\/wp\/v2\/product_brand?post=8611"},{"taxonomy":"product_cat","embeddable":true,"href":"https:\/\/woo2.happymonkspublication.org\/es\/wp-json\/wp\/v2\/product_cat?post=8611"},{"taxonomy":"product_tag","embeddable":true,"href":"https:\/\/woo2.happymonkspublication.org\/es\/wp-json\/wp\/v2\/product_tag?post=8611"}],"curies":[{"name":"wp","href":"https:\/\/api.w.org\/{rel}","templated":true}]}}