{"id":8588,"date":"2018-12-05T21:48:12","date_gmt":"2018-12-05T20:48:12","guid":{"rendered":"https:\/\/woo2.happymonkspublication.org\/?post_type=product&#038;p=8588"},"modified":"2019-02-19T14:25:41","modified_gmt":"2019-02-19T13:25:41","slug":"segundo-capitulo-purificacion-de-negatividades","status":"publish","type":"product","link":"https:\/\/woo2.happymonkspublication.org\/es\/publications\/segundo-capitulo-purificacion-de-negatividades\/","title":{"rendered":"Segundo cap\u00edtulo: Purificaci\u00f3n de negatividades"},"content":{"rendered":"<div id=\"fb-root\"><\/div>\n","protected":false},"excerpt":{"rendered":"<p>Una explicaci\u00f3n de los beneficios de la mente de la iluminaci\u00f3n como preparaci\u00f3n para la toma de los votos de un Bodhisattva.<\/p>\n","protected":false},"featured_media":8594,"template":"","meta":[],"product_brand":[],"product_cat":[427],"product_tag":[],"class_list":{"0":"post-8588","1":"product","2":"type-product","3":"status-publish","4":"has-post-thumbnail","6":"product_cat-lamrim-y-el-entrenamiento-mental","7":"pa_book-author-gyaltsab-rinpoche-es","8":"pa_book-category-lamrim-y-el-entrenamiento-mental","10":"first","11":"instock","12":"featured","13":"downloadable","14":"virtual","15":"product-type-simple"},"_links":{"self":[{"href":"https:\/\/woo2.happymonkspublication.org\/es\/wp-json\/wp\/v2\/product\/8588","targetHints":{"allow":["GET"]}}],"collection":[{"href":"https:\/\/woo2.happymonkspublication.org\/es\/wp-json\/wp\/v2\/product"}],"about":[{"href":"https:\/\/woo2.happymonkspublication.org\/es\/wp-json\/wp\/v2\/types\/product"}],"wp:featuredmedia":[{"embeddable":true,"href":"https:\/\/woo2.happymonkspublication.org\/es\/wp-json\/wp\/v2\/media\/8594"}],"wp:attachment":[{"href":"https:\/\/woo2.happymonkspublication.org\/es\/wp-json\/wp\/v2\/media?parent=8588"}],"wp:term":[{"taxonomy":"product_brand","embeddable":true,"href":"https:\/\/woo2.happymonkspublication.org\/es\/wp-json\/wp\/v2\/product_brand?post=8588"},{"taxonomy":"product_cat","embeddable":true,"href":"https:\/\/woo2.happymonkspublication.org\/es\/wp-json\/wp\/v2\/product_cat?post=8588"},{"taxonomy":"product_tag","embeddable":true,"href":"https:\/\/woo2.happymonkspublication.org\/es\/wp-json\/wp\/v2\/product_tag?post=8588"}],"curies":[{"name":"wp","href":"https:\/\/api.w.org\/{rel}","templated":true}]}}