{"id":7348,"date":"2018-04-12T10:39:31","date_gmt":"2018-04-12T08:39:31","guid":{"rendered":"https:\/\/woo2.happymonkspublication.org\/?post_type=product&#038;p=7348"},"modified":"2019-02-28T19:46:11","modified_gmt":"2019-02-28T18:46:11","slug":"ein-hauch-von-bewusstsein","status":"publish","type":"product","link":"https:\/\/woo2.happymonkspublication.org\/de\/veroeffentlichungen\/ein-hauch-von-bewusstsein\/","title":{"rendered":"Ein Hauch von Bewusstsein"},"content":{"rendered":"<div id=\"fb-root\"><\/div>\n<h3>Vorwort<\/h3>\n<p>Ich habe dieses Heft zusammengestellt, weil ich eine Alternative bieten m\u00f6chte zu den \u00fcblichen w\u00f6rtlichen \u00dcbersetzungen der Lehrb\u00fccher aus tibetischen Kl\u00f6stern und aus dem Wunsch heraus, Dharma Wissen zu teilen zu dem ich Zugang habe, da ich Tibetisch spreche.<\/p>\n<p>Dieser Text basiert im Wesentlichen auf verschiedene Teile der Gesammelten Themen von Yongdzin Purchok Ngawang Jampa, einem der Tutoren des dreizehnten Dalai Lama.<\/p>\n<p>Der Abschnitt \u00fcber die drei Bedingungen bez\u00fcglich der Nur-Geist Schule stammt aus dem Schmuckst\u00fcck der Sieben Prim\u00e4ren Kognitionen, dass Geistige Dunkelheit vertreibt, verfasst von Kedrub Je, einem der beiden Hauptsch\u00fcler von Lama Tsong Khapa. Der Abschnitt \u00fcber direkte und indirekte Realisation basiert auf dem gleichen Text.<\/p>\n<p>Der Abschnitt \u00fcber die substantielle Ursache der Augensinneskraft und der gr\u00f6\u00dfte Teil des Abschnittes \u00fcber die falsche direkte Wahrnehmung stammt aus dem Schmuckst\u00fcck der Logik, verfasst vom ersten Dalai Lama, Gyalwa Gedun Drub. Auch diverse andere kleinere Teile basieren auf Gyalwa Gedun Drub.<\/p>\n<p>Ein sehr kleiner Anteil ist mein eigener, der jedoch hoffentlich in den Grenzen der oben erw\u00e4hnten Texte bleibt. Ich entschuldige mich f\u00fcr alle Fehler in diesem Text, die ausschlie\u00dflich meine eigenen sind. Wer Fehler in diesem Text empfindet, z\u00f6gere bitte nicht Kontakt mit mir aufzunehmen.<\/p>\n<blockquote><p>Wenn du Buddhismus studierst, dann studierst du dich selbst &#8211; die Natur deines K\u00f6rpers, Sprache und Geistes &#8211; wobei der Nachdruck auf der Natur deines Geistes liegt und wie er im Alltagsleben funktioniert.<br \/>\nWarum ist es so wichtig die Natur deines Geistes zu kennen? Da wir alle Gl\u00fcck, Freude, Frieden und Zufriedenheit wollen, und da diese Dinge nicht von Eiscreme kommen, sondern von Weisheit und dem Geist, m\u00fcssen wir verstehen was der Geist ist und wie er arbeitet.<\/p>\n<p>Lama Thubten Yeshe<\/p><\/blockquote>\n","protected":false},"excerpt":{"rendered":"<p>Ein Kompendium \u00fcber Bewusstsein und Erkennen.<\/p>\n","protected":false},"featured_media":7356,"template":"","meta":[],"product_brand":[],"product_cat":[429],"product_tag":[],"class_list":{"0":"post-7348","1":"product","2":"type-product","3":"status-publish","4":"has-post-thumbnail","6":"product_cat-gesammelte-themen","7":"pa_book-author-ehrw-fedor-stracke","8":"pa_book-author-khedrub-je-de","9":"pa_book-author-seine-heiligkeit-der-erste-dalai-lama-gyalwa-gedun-drub","10":"pa_book-category-gesammelte-themen","12":"first","13":"instock","14":"downloadable","15":"virtual","16":"product-type-simple"},"_links":{"self":[{"href":"https:\/\/woo2.happymonkspublication.org\/de\/wp-json\/wp\/v2\/product\/7348","targetHints":{"allow":["GET"]}}],"collection":[{"href":"https:\/\/woo2.happymonkspublication.org\/de\/wp-json\/wp\/v2\/product"}],"about":[{"href":"https:\/\/woo2.happymonkspublication.org\/de\/wp-json\/wp\/v2\/types\/product"}],"wp:featuredmedia":[{"embeddable":true,"href":"https:\/\/woo2.happymonkspublication.org\/de\/wp-json\/wp\/v2\/media\/7356"}],"wp:attachment":[{"href":"https:\/\/woo2.happymonkspublication.org\/de\/wp-json\/wp\/v2\/media?parent=7348"}],"wp:term":[{"taxonomy":"product_brand","embeddable":true,"href":"https:\/\/woo2.happymonkspublication.org\/de\/wp-json\/wp\/v2\/product_brand?post=7348"},{"taxonomy":"product_cat","embeddable":true,"href":"https:\/\/woo2.happymonkspublication.org\/de\/wp-json\/wp\/v2\/product_cat?post=7348"},{"taxonomy":"product_tag","embeddable":true,"href":"https:\/\/woo2.happymonkspublication.org\/de\/wp-json\/wp\/v2\/product_tag?post=7348"}],"curies":[{"name":"wp","href":"https:\/\/api.w.org\/{rel}","templated":true}]}}