{"id":7277,"date":"2018-04-11T16:51:56","date_gmt":"2018-04-11T14:51:56","guid":{"rendered":"https:\/\/woo2.happymonkspublication.org\/?post_type=product&#038;p=7277"},"modified":"2020-07-11T15:41:23","modified_gmt":"2020-07-11T13:41:23","slug":"schmuckstueck-der-klaren-erkenntnis","status":"publish","type":"product","link":"https:\/\/woo2.happymonkspublication.org\/de\/veroeffentlichungen\/schmuckstueck-der-klaren-erkenntnis\/","title":{"rendered":"Schmuckst\u00fcck der klaren Erkenntnis"},"content":{"rendered":"<div id=\"fb-root\"><\/div>\n<h3>Hintergrund<\/h3>\n<p>Die Weisheitssutras wurden von Buddha Shakyamuni in der so genannten zweiten Drehung des Rades gelehrt. Sie pr\u00e4sentieren ausf\u00fchrlich und ausdr\u00fccklich das Thema der Leerheit von wahrhaftiger Existenz aller Ph\u00e4nomene. Auf versteckte Art legen sie au\u00dferdem die verschiedenen klaren Realisationen dar, die von einem Praktizierenden auf dem Weg zur\u00a0Buddhaschaft entwickelt werden.<\/p>\n<p>Um diese klaren Realisierung ausdr\u00fccklich und klar zu verdeutlichen verfasste Maitreya das Schmuckst\u00fcck der klaren Erkenntnis. In diesem Text werden in acht klaren Realisationen und 70 Themen alle weitreichenden Aspekte, die in den Weisheitssutras gelehrt wurden, detailliert dargelegt.<br \/>\nDas Schmuckst\u00fcck der klaren Erkenntnis besteht ausschlie\u00dflich aus Versen und ist sehr verdichtet und daher ohne weitergehende Kommentare ausgesprochen schwer zu verstehen.<\/p>\n<p>Es wurden 21 Kommentare indischer Meister ins tibetische \u00fcbersetzt. In der Gelug Tradition ist der Kommentar des indischen Meisters Haribadhra Klare Bedeutung Studiengrundlage. Dieser Kommentar ist aus Sicht der Yogachara-Svatantrika-Madhyamaka Schule geschrieben. Jedoch ist auch dieser Kommentar noch schwierig zu verstehen und daher haben mehrere tibetische Meister weitere Kommentare verfasst. Im FPMT Basisprogramm wird als Haupt-Kommentar The Ocean of Sport von Jets\u00fcn Ch\u00f6kyi Gy\u00e4ltsen verwendet.<\/p>\n","protected":false},"excerpt":{"rendered":"<p><strong>Kapitel 4: Die Schulung in Allen Aspekten<\/strong><\/p>\n<p>Die 110 Erkenntnisaspekte von Allwissendem Bewusstsein.<br \/>\n(37 Erkenntnisaspekte des Allwissenden Bewusstseins, die mit den H\u00f6rern \u00fcbereinstimmen; 34 Erkenntnisaspekte des Allwissenden Bewusstseins, die mit Bodhisattvas \u00fcbereinstimmen; 39 Spezifische Erkenntnisaspekte des Allwissenden Bewusstseins)<\/p>\n","protected":false},"featured_media":7284,"template":"","meta":[],"product_brand":[],"product_cat":[370],"product_tag":[],"class_list":{"0":"post-7277","1":"product","2":"type-product","3":"status-publish","4":"has-post-thumbnail","6":"product_cat-madhyamaka-de","7":"pa_book-author-jetsun-tenzin-gyaltsen-de","8":"pa_book-category-madhyamaka-de","10":"first","11":"instock","12":"downloadable","13":"virtual","14":"product-type-simple"},"_links":{"self":[{"href":"https:\/\/woo2.happymonkspublication.org\/de\/wp-json\/wp\/v2\/product\/7277","targetHints":{"allow":["GET"]}}],"collection":[{"href":"https:\/\/woo2.happymonkspublication.org\/de\/wp-json\/wp\/v2\/product"}],"about":[{"href":"https:\/\/woo2.happymonkspublication.org\/de\/wp-json\/wp\/v2\/types\/product"}],"wp:featuredmedia":[{"embeddable":true,"href":"https:\/\/woo2.happymonkspublication.org\/de\/wp-json\/wp\/v2\/media\/7284"}],"wp:attachment":[{"href":"https:\/\/woo2.happymonkspublication.org\/de\/wp-json\/wp\/v2\/media?parent=7277"}],"wp:term":[{"taxonomy":"product_brand","embeddable":true,"href":"https:\/\/woo2.happymonkspublication.org\/de\/wp-json\/wp\/v2\/product_brand?post=7277"},{"taxonomy":"product_cat","embeddable":true,"href":"https:\/\/woo2.happymonkspublication.org\/de\/wp-json\/wp\/v2\/product_cat?post=7277"},{"taxonomy":"product_tag","embeddable":true,"href":"https:\/\/woo2.happymonkspublication.org\/de\/wp-json\/wp\/v2\/product_tag?post=7277"}],"curies":[{"name":"wp","href":"https:\/\/api.w.org\/{rel}","templated":true}]}}