{"id":7249,"date":"2018-04-11T07:53:10","date_gmt":"2018-04-11T05:53:10","guid":{"rendered":"https:\/\/woo2.happymonkspublication.org\/?post_type=product&#038;p=7249"},"modified":"2019-02-09T13:19:23","modified_gmt":"2019-02-09T12:19:23","slug":"die-darlegung-der-lehrmeinungen-tabellarische-darstellung","status":"publish","type":"product","link":"https:\/\/woo2.happymonkspublication.org\/de\/veroeffentlichungen\/die-darlegung-der-lehrmeinungen-tabellarische-darstellung\/","title":{"rendered":"Die Darlegung der Lehrmeinungen &#8211; tabellarische Darstellung"},"content":{"rendered":"<div id=\"fb-root\"><\/div>\n<p>Zuerst von SK Tenzin Kadro aus dem Englischen \u00fcbersetzt auf der Basis der Version von Ehrw Sangye Khadro. Danach von Ehrw Fedor Stracke in Bezug auf das tibetische Orginal gr\u00fcndlich \u00fcberarbeitet und gro\u00dfteils neu \u00fcbersetzt. Dies geschah in Deutschland, M\u00fcnchen, M\u00e4rz &#8211; Mai 2014.<br \/>\n\u00a9 Fedor Stracke und SK Tenzin Kadro. Alle Rechte vorbehalten.<br \/>\nVerwertung der Texte und Bilder, auch auszugsweise, ohne schriftliche Genehmigung von Fedor Stracke ist nicht gestattet. Dies gilt auch f\u00fcr Vervielf\u00e4ltigungen, \u00dcbersetzungen, Mikroverfilmungen und f\u00fcr die Verarbeitung mit elektronischen Systemen.<br \/>\nFPMT-Zentren haben die Erlaubnis, soviele Kopien wie n\u00f6tig, Hardcopy, digital oder anderweitig, f\u00fcr ihr Basis- Program zu machen.<br \/>\n<span style=\"font-size: 10pt;\">(Diese tabellarische Form wurde nur f\u00fcr pers\u00f6nliche Lernzwecke erstellt, von Alex Volk, Aryatara Institut, M\u00fcnchen, 2014)<\/span><\/p>\n","protected":false},"excerpt":{"rendered":"<p>Die vier buddhistischen Lehrmeinungen.<\/p>\n","protected":false},"featured_media":7255,"template":"","meta":[],"product_brand":[],"product_cat":[370],"product_tag":[],"class_list":{"0":"post-7249","1":"product","2":"type-product","3":"status-publish","4":"has-post-thumbnail","6":"product_cat-madhyamaka-de","7":"pa_book-author-jetsun-tenzin-gyaltsen-de","8":"pa_book-category-madhyamaka-de","10":"first","11":"instock","12":"downloadable","13":"virtual","14":"product-type-simple"},"_links":{"self":[{"href":"https:\/\/woo2.happymonkspublication.org\/de\/wp-json\/wp\/v2\/product\/7249","targetHints":{"allow":["GET"]}}],"collection":[{"href":"https:\/\/woo2.happymonkspublication.org\/de\/wp-json\/wp\/v2\/product"}],"about":[{"href":"https:\/\/woo2.happymonkspublication.org\/de\/wp-json\/wp\/v2\/types\/product"}],"wp:featuredmedia":[{"embeddable":true,"href":"https:\/\/woo2.happymonkspublication.org\/de\/wp-json\/wp\/v2\/media\/7255"}],"wp:attachment":[{"href":"https:\/\/woo2.happymonkspublication.org\/de\/wp-json\/wp\/v2\/media?parent=7249"}],"wp:term":[{"taxonomy":"product_brand","embeddable":true,"href":"https:\/\/woo2.happymonkspublication.org\/de\/wp-json\/wp\/v2\/product_brand?post=7249"},{"taxonomy":"product_cat","embeddable":true,"href":"https:\/\/woo2.happymonkspublication.org\/de\/wp-json\/wp\/v2\/product_cat?post=7249"},{"taxonomy":"product_tag","embeddable":true,"href":"https:\/\/woo2.happymonkspublication.org\/de\/wp-json\/wp\/v2\/product_tag?post=7249"}],"curies":[{"name":"wp","href":"https:\/\/api.w.org\/{rel}","templated":true}]}}