{"id":7226,"date":"2018-04-08T20:13:29","date_gmt":"2018-04-08T18:13:29","guid":{"rendered":"https:\/\/woo2.happymonkspublication.org\/?post_type=product&#038;p=7226"},"modified":"2019-02-09T13:21:10","modified_gmt":"2019-02-09T12:21:10","slug":"darlegung-der-lehrmeinungen","status":"publish","type":"product","link":"https:\/\/woo2.happymonkspublication.org\/de\/veroeffentlichungen\/darlegung-der-lehrmeinungen\/","title":{"rendered":"Darlegung der Lehrmeinungen"},"content":{"rendered":"<div id=\"fb-root\"><\/div>\n<h3>Einf\u00fchrung des \u00dcbersetzers<\/h3>\n<p>Ich verneige mich von dem heiligen Manjushri. Dieser Text ist eine kurze und klare \u00dcbersicht \u00fcber die vier buddhistischen Lehrmeinungen. Ein wiederkehrender Begriff, der sich von anderen \u00dcbersetzungen unterscheidet ist illusion\u00e4re Wahrheit. Die bekanntere Version ist konventionelle Wahrheit, aber der Konsensus unter \u00dcbersetzern dieser Tage ist, dass dies eine Fehl\u00fcbersetzung des tibetischen K\u00fcndzob Denpa darstellt. Es gibt Alternativen wie verdeckte Wahrheit, Wahrheit f\u00fcr ein verdeckendes Bewusstsein und dergleichen, die aber nichtzufriedenstellend erscheinen. Nach langem Untersuchen der Bedeutung der tibetischen und Sanskrit-Begriffe, und Konsultation mit den Ehrw. Geshe Doga bez\u00fcglich der Bedeutung die zum Geist erscheinen soll, wenn man den Begriff K\u00fcndzob Denpa h\u00f6rt, habe ich mich f\u00fcr den Begriff illusion\u00e4re Wahrheit entschieden, ein griffiger Begriff auf den die tibetischen Worte, Definition und Begriffserkl\u00e4rung passen. Ich habe meine Gedanken mit Lama Zopa Rinpoche geteilt, der sofort ohne Z\u00f6gern seine Zustimmung f\u00fcr die Benutzung dieses Begriffs gab.<\/p>\n","protected":false},"excerpt":{"rendered":"<p>Die vier buddhistischen Lehrmeinungen.<\/p>\n","protected":false},"featured_media":7232,"template":"","meta":[],"product_brand":[],"product_cat":[370],"product_tag":[],"class_list":{"0":"post-7226","1":"product","2":"type-product","3":"status-publish","4":"has-post-thumbnail","6":"product_cat-madhyamaka-de","7":"pa_book-author-jetsun-tenzin-gyaltsen-de","8":"pa_book-category-madhyamaka-de","10":"first","11":"instock","12":"downloadable","13":"virtual","14":"product-type-simple"},"_links":{"self":[{"href":"https:\/\/woo2.happymonkspublication.org\/de\/wp-json\/wp\/v2\/product\/7226","targetHints":{"allow":["GET"]}}],"collection":[{"href":"https:\/\/woo2.happymonkspublication.org\/de\/wp-json\/wp\/v2\/product"}],"about":[{"href":"https:\/\/woo2.happymonkspublication.org\/de\/wp-json\/wp\/v2\/types\/product"}],"wp:featuredmedia":[{"embeddable":true,"href":"https:\/\/woo2.happymonkspublication.org\/de\/wp-json\/wp\/v2\/media\/7232"}],"wp:attachment":[{"href":"https:\/\/woo2.happymonkspublication.org\/de\/wp-json\/wp\/v2\/media?parent=7226"}],"wp:term":[{"taxonomy":"product_brand","embeddable":true,"href":"https:\/\/woo2.happymonkspublication.org\/de\/wp-json\/wp\/v2\/product_brand?post=7226"},{"taxonomy":"product_cat","embeddable":true,"href":"https:\/\/woo2.happymonkspublication.org\/de\/wp-json\/wp\/v2\/product_cat?post=7226"},{"taxonomy":"product_tag","embeddable":true,"href":"https:\/\/woo2.happymonkspublication.org\/de\/wp-json\/wp\/v2\/product_tag?post=7226"}],"curies":[{"name":"wp","href":"https:\/\/api.w.org\/{rel}","templated":true}]}}