{"id":7203,"date":"2018-04-08T20:04:19","date_gmt":"2018-04-08T18:04:19","guid":{"rendered":"https:\/\/woo2.happymonkspublication.org\/?post_type=product&#038;p=7203"},"modified":"2019-02-09T13:26:53","modified_gmt":"2019-02-09T12:26:53","slug":"die-sonne-welche-die-tiefgruendige-bedeutung-von-leerheit-erhellt","status":"publish","type":"product","link":"https:\/\/woo2.happymonkspublication.org\/de\/veroeffentlichungen\/die-sonne-welche-die-tiefgruendige-bedeutung-von-leerheit-erhellt\/","title":{"rendered":"Die Sonne, welche die tiefgr\u00fcndige Bedeutung von Leerheit erhellt"},"content":{"rendered":"<div id=\"fb-root\"><\/div>\n<h3>Einleitung<\/h3>\n<p>Chone Lama Dragpa Shedrub war ein Gelehrter des 18. Jahrhunderts vom Gro\u00dfen Kloster von Chone, welches Der Freudvolle Ort der Erkl\u00e4rung und Realisation<sup>1<\/sup> genannt wird. Sein Kommentar \u00fcber das Herz Sutra mit dem Titel Die Sonne, welche die tiefgr\u00fcndige Bedeutung von Leerheit erhellt erkl\u00e4rt die Bedeutung von jedem Satz des Herz Sutras von Anfang bis Ende.<\/p>\n<p>Zumindest im Tibetischen besticht der Kommentar durch seine Einfachheit, Klarheit und Vollst\u00e4ndigkeit. Besonderes Augenmerk hat der Autor auf die Erkl\u00e4rung des Herz Sutras und die zus\u00e4tzliche kurze Beschreibung, wie man auf Leerheit meditiert gelegt. Ich hoffe, dass meine \u00dcbersetzung wenigstens einen Hauch der Klarheit, die die tibetische Version auszeichnet, besitzt. Nur gelegentlich habe ich mir die Freiheit genommen, die Gestaltung der Gliederung zu \u00e4ndern, indem ich eine Gliederung hinzugef\u00fcgt oder die Abfolge der S\u00e4tze ge\u00e4ndert habe, um den Text f\u00fcr den westlichen Leser angenehmer zu formulieren.<\/p>\n","protected":false},"excerpt":{"rendered":"<p>Das Thema: Das Herz-Sutra<\/p>\n","protected":false},"featured_media":7210,"template":"","meta":[],"product_brand":[],"product_cat":[370],"product_tag":[],"class_list":{"0":"post-7203","1":"product","2":"type-product","3":"status-publish","4":"has-post-thumbnail","6":"product_cat-madhyamaka-de","7":"pa_book-author-chone-dragpa-shedrub-de","8":"pa_book-category-madhyamaka-de","10":"first","11":"instock","12":"downloadable","13":"virtual","14":"product-type-simple"},"_links":{"self":[{"href":"https:\/\/woo2.happymonkspublication.org\/de\/wp-json\/wp\/v2\/product\/7203","targetHints":{"allow":["GET"]}}],"collection":[{"href":"https:\/\/woo2.happymonkspublication.org\/de\/wp-json\/wp\/v2\/product"}],"about":[{"href":"https:\/\/woo2.happymonkspublication.org\/de\/wp-json\/wp\/v2\/types\/product"}],"wp:featuredmedia":[{"embeddable":true,"href":"https:\/\/woo2.happymonkspublication.org\/de\/wp-json\/wp\/v2\/media\/7210"}],"wp:attachment":[{"href":"https:\/\/woo2.happymonkspublication.org\/de\/wp-json\/wp\/v2\/media?parent=7203"}],"wp:term":[{"taxonomy":"product_brand","embeddable":true,"href":"https:\/\/woo2.happymonkspublication.org\/de\/wp-json\/wp\/v2\/product_brand?post=7203"},{"taxonomy":"product_cat","embeddable":true,"href":"https:\/\/woo2.happymonkspublication.org\/de\/wp-json\/wp\/v2\/product_cat?post=7203"},{"taxonomy":"product_tag","embeddable":true,"href":"https:\/\/woo2.happymonkspublication.org\/de\/wp-json\/wp\/v2\/product_tag?post=7203"}],"curies":[{"name":"wp","href":"https:\/\/api.w.org\/{rel}","templated":true}]}}