{"id":7058,"date":"2018-04-08T18:53:59","date_gmt":"2018-04-08T16:53:59","guid":{"rendered":"https:\/\/woo2.happymonkspublication.org\/?post_type=product&#038;p=7058"},"modified":"2019-02-09T13:45:39","modified_gmt":"2019-02-09T12:45:39","slug":"kapitel-5-selbstbeobachtung","status":"publish","type":"product","link":"https:\/\/woo2.happymonkspublication.org\/de\/veroeffentlichungen\/kapitel-5-selbstbeobachtung\/","title":{"rendered":"Kapitel 5: Selbstbeobachtung"},"content":{"rendered":"<div id=\"fb-root\"><\/div>\n<p>Dieses Kapitel erkl\u00e4rt, wie das Bewachen des Geistes mit Achtsamkeit und Selbstbeobachtung der Schl\u00fcssel daf\u00fcr ist, die eigenen Schulungen zu sch\u00fctzen.<br \/>\nIn diesem Kontext wird die dreifache Praxis der Ethik, die jenseits gegangen ist, erkl\u00e4rt: Die Ethik der Zur\u00fcckhaltung, die Ethik des Aufbau von Tugend und die Ethik des Erlangens des Wohls der Lebewesen.<\/p>\n","protected":false},"excerpt":{"rendered":"<p>Der Eintritt f\u00fcr die Kinder der Eroberer. Ein Kommentar \u00fcber die Einf\u00fchrung in die Handlungen von Bodhisattvas.<\/p>\n","protected":false},"featured_media":7064,"template":"","meta":[],"product_brand":[],"product_cat":[371],"product_tag":[],"class_list":{"0":"post-7058","1":"product","2":"type-product","3":"status-publish","4":"has-post-thumbnail","6":"product_cat-lamrim-geistesschulung","7":"pa_book-author-jetsun-tenzin-gyaltsen-de","8":"pa_book-category-lamrim-geistesschulung","10":"first","11":"instock","12":"downloadable","13":"virtual","14":"product-type-simple"},"_links":{"self":[{"href":"https:\/\/woo2.happymonkspublication.org\/de\/wp-json\/wp\/v2\/product\/7058","targetHints":{"allow":["GET"]}}],"collection":[{"href":"https:\/\/woo2.happymonkspublication.org\/de\/wp-json\/wp\/v2\/product"}],"about":[{"href":"https:\/\/woo2.happymonkspublication.org\/de\/wp-json\/wp\/v2\/types\/product"}],"wp:featuredmedia":[{"embeddable":true,"href":"https:\/\/woo2.happymonkspublication.org\/de\/wp-json\/wp\/v2\/media\/7064"}],"wp:attachment":[{"href":"https:\/\/woo2.happymonkspublication.org\/de\/wp-json\/wp\/v2\/media?parent=7058"}],"wp:term":[{"taxonomy":"product_brand","embeddable":true,"href":"https:\/\/woo2.happymonkspublication.org\/de\/wp-json\/wp\/v2\/product_brand?post=7058"},{"taxonomy":"product_cat","embeddable":true,"href":"https:\/\/woo2.happymonkspublication.org\/de\/wp-json\/wp\/v2\/product_cat?post=7058"},{"taxonomy":"product_tag","embeddable":true,"href":"https:\/\/woo2.happymonkspublication.org\/de\/wp-json\/wp\/v2\/product_tag?post=7058"}],"curies":[{"name":"wp","href":"https:\/\/api.w.org\/{rel}","templated":true}]}}