{"id":7031,"date":"2018-04-08T18:18:18","date_gmt":"2018-04-08T16:18:18","guid":{"rendered":"https:\/\/woo2.happymonkspublication.org\/?post_type=product&#038;p=7031"},"modified":"2019-02-09T13:46:19","modified_gmt":"2019-02-09T12:46:19","slug":"einfuehrung-zu-kapitel-2-reinigen-von-negativitaeten","status":"publish","type":"product","link":"https:\/\/woo2.happymonkspublication.org\/de\/veroeffentlichungen\/einfuehrung-zu-kapitel-2-reinigen-von-negativitaeten\/","title":{"rendered":"Einf\u00fchrung zu Kapitel 2: Reinigen von Negativit\u00e4ten"},"content":{"rendered":"<div id=\"fb-root\"><\/div>\n<p>Dieser Kommentar von Gyaltsab-Je zeigt die vollst\u00e4ndigen Stufen des Pfades zur Erleuchtung. Er zeigt die Schulung in den Gedanken der kleinen und mittleren Wesen als<br \/>\nVorraussetzung f\u00fcr die Schulung in dem Gedanken des gro\u00dfen f\u00e4higen Wesens und er zeigt, dass man sich, nachdem man den Geist der h\u00f6chsten Erleuchtung so erzeugt hat, sich dann in den sechs Vollkommenheiten von Gro\u00dfz\u00fcgigkeit usw. schult.<\/p>\n<p>Die erste Gliederung in dem Kapitel Der Weg der Schulung in den Praktiken nach Erzeugung der zwei Bodhichittas deckt den Text von Beginn des 2. Kapitels bis hin zum Ende des 10. Kapitels ab, d.h. die Themen des Nehmens der Bodhisattva-Gel\u00fcbde und die Praktiken der sechs Vollkommenheiten, die man aus\u00fcbt, nachdem man die Bodhisattva-Gel\u00fcbde genommen hat.<\/p>\n<p>Das Nehmen der Bodhisattva-Gel\u00fcbde wird im 2. und 3. Kapitel in den drei Stufen der Vorbereitung, des eigentlichen Nehmens des Gel\u00fcbdes und des Abschlusses erkl\u00e4rt. Die Vorbereitung beginnt im 2. Kapitel und setzt sich im 3. Kapitel fort, wo das eigentliche Nehmen des Gel\u00fcbdes und der Abschluss erkl\u00e4rt wird.<\/p>\n<p>Anfangs muss man, um den Erleuchtungsgeist zu erzeugen, kraftvoll freudvolle St\u00e4rke durch das eingehende Kontemplieren seiner Nutzen verst\u00e4rken. Dies wird in dem 1. Kapitel beschrieben, welches auch die Schulung in den Gedanken des kleinen und mittleren Wesens zeigt, als unterst\u00fctzende Glieder f\u00fcr diese Geisteserzeugung.<\/p>\n<p>Dies wird auf der Basis, seinen \u00dcbungsplatz ges\u00e4ubert zu haben, getan, so als ob man einen raddrehenden K\u00f6nig zu Besuch bei sich zu Hause erwarten w\u00fcrde. Dann muss man den Erleuchtungsgeist nehmen. Das Vorherige wird im 2. Kapitel und das Letztere im 3. Kapitel erkl\u00e4rt.<\/p>\n<p>Kapitel 2 erkl\u00e4rt von den sieben Gliedern die Glieder der Niederwerfungen, das Darbringen an das Dreifache Juwel und wie man mit den vier entgegengesetzten Kr\u00e4ften reinigt. Dies wird auf der Basis, zuerst Zuflucht zu nehmen, getan und ist als Grundlage f\u00fcr das Nehmen der Bodhisattva-Gel\u00fcbde gedacht. Die verbleibenden vier Glieder werden anschlie\u00dfend im 3. Kapitel erkl\u00e4rt.<\/p>\n","protected":false},"excerpt":{"rendered":"<p>Der Eintritt f\u00fcr die Kinder der Eroberer. Ein Kommentar \u00fcber die Einf\u00fchrung in die Handlungen von Bodhisattvas.<\/p>\n","protected":false},"featured_media":7042,"template":"","meta":[],"product_brand":[],"product_cat":[371],"product_tag":[],"class_list":{"0":"post-7031","1":"product","2":"type-product","3":"status-publish","4":"has-post-thumbnail","6":"product_cat-lamrim-geistesschulung","7":"pa_book-author-jetsun-tenzin-gyaltsen-de","8":"pa_book-category-lamrim-geistesschulung","10":"first","11":"instock","12":"downloadable","13":"virtual","14":"product-type-simple"},"_links":{"self":[{"href":"https:\/\/woo2.happymonkspublication.org\/de\/wp-json\/wp\/v2\/product\/7031","targetHints":{"allow":["GET"]}}],"collection":[{"href":"https:\/\/woo2.happymonkspublication.org\/de\/wp-json\/wp\/v2\/product"}],"about":[{"href":"https:\/\/woo2.happymonkspublication.org\/de\/wp-json\/wp\/v2\/types\/product"}],"wp:featuredmedia":[{"embeddable":true,"href":"https:\/\/woo2.happymonkspublication.org\/de\/wp-json\/wp\/v2\/media\/7042"}],"wp:attachment":[{"href":"https:\/\/woo2.happymonkspublication.org\/de\/wp-json\/wp\/v2\/media?parent=7031"}],"wp:term":[{"taxonomy":"product_brand","embeddable":true,"href":"https:\/\/woo2.happymonkspublication.org\/de\/wp-json\/wp\/v2\/product_brand?post=7031"},{"taxonomy":"product_cat","embeddable":true,"href":"https:\/\/woo2.happymonkspublication.org\/de\/wp-json\/wp\/v2\/product_cat?post=7031"},{"taxonomy":"product_tag","embeddable":true,"href":"https:\/\/woo2.happymonkspublication.org\/de\/wp-json\/wp\/v2\/product_tag?post=7031"}],"curies":[{"name":"wp","href":"https:\/\/api.w.org\/{rel}","templated":true}]}}