{"id":10515,"date":"2019-04-23T15:55:36","date_gmt":"2019-04-23T13:55:36","guid":{"rendered":"https:\/\/woo2.happymonkspublication.org\/?post_type=product&#038;p=10515"},"modified":"2019-04-23T16:06:04","modified_gmt":"2019-04-23T14:06:04","slug":"urbane-meditationen","status":"publish","type":"product","link":"https:\/\/woo2.happymonkspublication.org\/de\/veroeffentlichungen\/urbane-meditationen\/","title":{"rendered":"Urbane Meditationen"},"content":{"rendered":"<div id=\"fb-root\"><\/div>\n","protected":false},"excerpt":{"rendered":"<p>Wie wird man ein gl\u00fccklich Meditierender?<\/p>\n<h3>Einleitung<\/h3>\n<p>Erfolg in der Meditation ist oft schwer fassbar, sogar f\u00fcr jene unter uns, die schon seit langem meditieren. Er h\u00e4ngt sehr stark davon ab, ob wir tats\u00e4chlich meditieren, regelm\u00e4\u00dfig und stetig. Dies kann nicht nur durch Disziplin alleine erreicht werden. Wir brauchen den Komfort-Faktor bei unserer Praxis und m\u00fcssen daf\u00fcr sorgen, dass wir ein gl\u00fccklicher Meditierender sind.<\/p>\n<p>Es gibt ein paar Ideen dazu, wie man erfolgreicher meditieren kann, indem man ein paar einfache Grunds\u00e4tze in Bezug auf den Ort, die Zeit, die Haltung, das Objekt und das Bewusstsein ber\u00fccksichtigt. Au\u00dferdem werden einige Fallen vorgestellt, in die man als Meditierender leicht ger\u00e4t &#8230; (Auszug)<\/p>\n","protected":false},"featured_media":10531,"template":"","meta":[],"product_brand":[],"product_cat":[403],"product_tag":[],"class_list":{"0":"post-10515","1":"product","2":"type-product","3":"status-publish","4":"has-post-thumbnail","6":"product_cat-meditationen-gebete-praktiken","7":"pa_book-author-ehrw-fedor-stracke","8":"pa_book-category-meditationen-gebete-praktiken","10":"first","11":"instock","12":"downloadable","13":"virtual","14":"product-type-simple"},"_links":{"self":[{"href":"https:\/\/woo2.happymonkspublication.org\/de\/wp-json\/wp\/v2\/product\/10515","targetHints":{"allow":["GET"]}}],"collection":[{"href":"https:\/\/woo2.happymonkspublication.org\/de\/wp-json\/wp\/v2\/product"}],"about":[{"href":"https:\/\/woo2.happymonkspublication.org\/de\/wp-json\/wp\/v2\/types\/product"}],"wp:featuredmedia":[{"embeddable":true,"href":"https:\/\/woo2.happymonkspublication.org\/de\/wp-json\/wp\/v2\/media\/10531"}],"wp:attachment":[{"href":"https:\/\/woo2.happymonkspublication.org\/de\/wp-json\/wp\/v2\/media?parent=10515"}],"wp:term":[{"taxonomy":"product_brand","embeddable":true,"href":"https:\/\/woo2.happymonkspublication.org\/de\/wp-json\/wp\/v2\/product_brand?post=10515"},{"taxonomy":"product_cat","embeddable":true,"href":"https:\/\/woo2.happymonkspublication.org\/de\/wp-json\/wp\/v2\/product_cat?post=10515"},{"taxonomy":"product_tag","embeddable":true,"href":"https:\/\/woo2.happymonkspublication.org\/de\/wp-json\/wp\/v2\/product_tag?post=10515"}],"curies":[{"name":"wp","href":"https:\/\/api.w.org\/{rel}","templated":true}]}}